{"id":169,"date":"2023-10-30T00:32:24","date_gmt":"2023-10-29T23:32:24","guid":{"rendered":"https:\/\/cms.upc.edu\/blog?page_id=169"},"modified":"2023-11-06T01:26:52","modified_gmt":"2023-11-06T00:26:52","slug":"oferta-formativa","status":"publish","type":"page","link":"https:\/\/cms.upc.edu\/blog\/oferta-formativa\/?lang=es","title":{"rendered":"OFERTA FORMATIVA"},"content":{"rendered":"<p>El Campus FPCAT-UPC de la Movilidad Sostenible (Martorell) es un nodo de formaci\u00f3n, innovaci\u00f3n y creaci\u00f3n en torno a la movilidad m\u00e1s avanzada. Concebido como un espacio de conocimiento conectado con la UPC, configura un ecosistema singular cuyos ejes centrales son la inserci\u00f3n laboral y la cualificaci\u00f3n profesional de las personas.<\/p>\n<p>El Campus es un espacio de formaci\u00f3n e innovaci\u00f3n para la transformaci\u00f3n de la industria de la movilidad, especialmente en \u00e1reas emergentes como el veh\u00edculo aut\u00f3nomo y el\u00e9ctrico y la innovaci\u00f3n en el \u00e1mbito de la movilidad. La actual oferta formativa del Campus incluye cursos de\u00a0<b>formaci\u00f3n profesional para el empleo<\/b>\u00a0y programas de\u00a0<b>formaci\u00f3n permanente<\/b>\u00a0(m\u00e1steres y postgrados) para profesionales y empresas del sector de la automoci\u00f3n y la movilidad. Los programas de formaci\u00f3n profesional inicial se impartir\u00e1n a partir del curso 2024-25.<\/p>\n<p>Los ejes formativos del Campus se estructuran en los siguientes \u00e1mbitos de conocimiento: fabricaci\u00f3n y materiales; gesti\u00f3n industrial; mec\u00e1nica del autom\u00f3vil; sostenibilidad y descarbonizaci\u00f3n; veh\u00edculo el\u00e9ctrico; veh\u00edculo aut\u00f3nomo y conectado; e innovaci\u00f3n en movilidad.<\/p>\n<p>La Universitat Polit\u00e8cnica de Catalunya (UPC) es la entidad responsable de la gesti\u00f3n y explotaci\u00f3n del Campus, adjudicada en 2022 por la Generalitat de Catalu\u00f1a a la UPC durante 15 a\u00f1os, prorrogable otros 10.<\/p>\n<p>La UPC impulsa el nuevo Campus FPCAT-UPC de la Movilidad Sostenible (Martorell) de la mano\/con la complicidad de la Generalitat de Catalu\u00f1a, el Servicio P\u00fablico de Empleo de Catalunya, el Consorcio para la Formaci\u00f3n Continua de Catalu\u00f1a y el Ayuntamiento de Martorell.<\/p>\n","protected":false},"excerpt":{"rendered":"<p>El Campus FPCAT-UPC de la Movilidad Sostenible (Martorell) es un nodo de formaci\u00f3n, innovaci\u00f3n y creaci\u00f3n en torno a la movilidad m\u00e1s avanzada. Concebido como un espacio de conocimiento conectado con la UPC, configura un ecosistema singular cuyos ejes centrales son la inserci\u00f3n laboral y la cualificaci\u00f3n profesional de las personas. El Campus es un [&hellip;]<\/p>\n","protected":false},"author":1,"featured_media":0,"parent":0,"menu_order":0,"comment_status":"closed","ping_status":"closed","template":"","meta":{"footnotes":""},"yoast_head":"<!-- This site is optimized with the Yoast SEO plugin v22.5 - https:\/\/yoast.com\/wordpress\/plugins\/seo\/ -->\n<title>OFERTA FORMATIVA - Campus FPCAT-UPC de la Mobilitat Sostenible (Martorell)<\/title>\n<meta name=\"robots\" content=\"index, follow, max-snippet:-1, max-image-preview:large, max-video-preview:-1\" \/>\n<link rel=\"canonical\" href=\"https:\/\/cms.upc.edu\/blog\/oferta-formativa\/\" \/>\n<meta property=\"og:locale\" content=\"ca_ES\" \/>\n<meta property=\"og:type\" content=\"article\" \/>\n<meta property=\"og:title\" content=\"OFERTA FORMATIVA - Campus FPCAT-UPC de la Mobilitat Sostenible (Martorell)\" \/>\n<meta property=\"og:description\" content=\"El Campus FPCAT-UPC de la Movilidad Sostenible (Martorell) es un nodo de formaci\u00f3n, innovaci\u00f3n y creaci\u00f3n en torno a la movilidad m\u00e1s avanzada. Concebido como un espacio de conocimiento conectado con la UPC, configura un ecosistema singular cuyos ejes centrales son la inserci\u00f3n laboral y la cualificaci\u00f3n profesional de las personas. El Campus es un [&hellip;]\" \/>\n<meta property=\"og:url\" content=\"https:\/\/cms.upc.edu\/blog\/oferta-formativa\/?lang=es\" \/>\n<meta property=\"og:site_name\" content=\"Campus FPCAT-UPC de la Mobilitat Sostenible (Martorell)\" \/>\n<meta property=\"article:modified_time\" content=\"2023-11-06T00:26:52+00:00\" \/>\n<meta name=\"twitter:card\" content=\"summary_large_image\" \/>\n<meta name=\"twitter:label1\" content=\"Est. reading time\" \/>\n\t<meta name=\"twitter:data1\" content=\"2 minuts\" \/>\n<script type=\"application\/ld+json\" class=\"yoast-schema-graph\">{\"@context\":\"https:\/\/schema.org\",\"@graph\":[{\"@type\":\"WebPage\",\"@id\":\"https:\/\/cms.upc.edu\/blog\/oferta-formativa\/?lang=es\",\"url\":\"https:\/\/cms.upc.edu\/blog\/oferta-formativa\/?lang=es\",\"name\":\"OFERTA FORMATIVA - Campus FPCAT-UPC de la Mobilitat Sostenible (Martorell)\",\"isPartOf\":{\"@id\":\"https:\/\/cms.upc.edu\/blog\/#website\"},\"datePublished\":\"2023-10-29T23:32:24+00:00\",\"dateModified\":\"2023-11-06T00:26:52+00:00\",\"breadcrumb\":{\"@id\":\"https:\/\/cms.upc.edu\/blog\/oferta-formativa\/?lang=es#breadcrumb\"},\"inLanguage\":\"ca\",\"potentialAction\":[{\"@type\":\"ReadAction\",\"target\":[\"https:\/\/cms.upc.edu\/blog\/oferta-formativa\/?lang=es\"]}]},{\"@type\":\"BreadcrumbList\",\"@id\":\"https:\/\/cms.upc.edu\/blog\/oferta-formativa\/?lang=es#breadcrumb\",\"itemListElement\":[{\"@type\":\"ListItem\",\"position\":1,\"name\":\"Home\",\"item\":\"https:\/\/cms.upc.edu\/blog\/\"},{\"@type\":\"ListItem\",\"position\":2,\"name\":\"OFERTA FORMATIVA\"}]},{\"@type\":\"WebSite\",\"@id\":\"https:\/\/cms.upc.edu\/blog\/#website\",\"url\":\"https:\/\/cms.upc.edu\/blog\/\",\"name\":\"Campus FPCAT-UPC de la Mobilitat Sostenible (Martorell)\",\"description\":\"\",\"publisher\":{\"@id\":\"https:\/\/cms.upc.edu\/blog\/#organization\"},\"potentialAction\":[{\"@type\":\"SearchAction\",\"target\":{\"@type\":\"EntryPoint\",\"urlTemplate\":\"https:\/\/cms.upc.edu\/blog\/?s={search_term_string}\"},\"query-input\":\"required name=search_term_string\"}],\"inLanguage\":\"ca\"},{\"@type\":\"Organization\",\"@id\":\"https:\/\/cms.upc.edu\/blog\/#organization\",\"name\":\"Campus FPCAT-UPC de la Mobilitat Sostenible (Martorell)\",\"url\":\"https:\/\/cms.upc.edu\/blog\/\",\"logo\":{\"@type\":\"ImageObject\",\"inLanguage\":\"ca\",\"@id\":\"https:\/\/cms.upc.edu\/blog\/#\/schema\/logo\/image\/\",\"url\":\"https:\/\/cms.upc.edu\/blog\/wp-content\/uploads\/2023\/10\/cropped-Logo-complet-2-e1698626938696-3.png\",\"contentUrl\":\"https:\/\/cms.upc.edu\/blog\/wp-content\/uploads\/2023\/10\/cropped-Logo-complet-2-e1698626938696-3.png\",\"width\":397,\"height\":70,\"caption\":\"Campus FPCAT-UPC de la Mobilitat Sostenible (Martorell)\"},\"image\":{\"@id\":\"https:\/\/cms.upc.edu\/blog\/#\/schema\/logo\/image\/\"}}]}<\/script>\n<!-- \/ Yoast SEO plugin. -->","yoast_head_json":{"title":"OFERTA FORMATIVA - Campus FPCAT-UPC de la Mobilitat Sostenible (Martorell)","robots":{"index":"index","follow":"follow","max-snippet":"max-snippet:-1","max-image-preview":"max-image-preview:large","max-video-preview":"max-video-preview:-1"},"canonical":"https:\/\/cms.upc.edu\/blog\/oferta-formativa\/","og_locale":"ca_ES","og_type":"article","og_title":"OFERTA FORMATIVA - Campus FPCAT-UPC de la Mobilitat Sostenible (Martorell)","og_description":"El Campus FPCAT-UPC de la Movilidad Sostenible (Martorell) es un nodo de formaci\u00f3n, innovaci\u00f3n y creaci\u00f3n en torno a la movilidad m\u00e1s avanzada. Concebido como un espacio de conocimiento conectado con la UPC, configura un ecosistema singular cuyos ejes centrales son la inserci\u00f3n laboral y la cualificaci\u00f3n profesional de las personas. El Campus es un [&hellip;]","og_url":"https:\/\/cms.upc.edu\/blog\/oferta-formativa\/?lang=es","og_site_name":"Campus FPCAT-UPC de la Mobilitat Sostenible (Martorell)","article_modified_time":"2023-11-06T00:26:52+00:00","twitter_card":"summary_large_image","twitter_misc":{"Est. reading time":"2 minuts"},"schema":{"@context":"https:\/\/schema.org","@graph":[{"@type":"WebPage","@id":"https:\/\/cms.upc.edu\/blog\/oferta-formativa\/?lang=es","url":"https:\/\/cms.upc.edu\/blog\/oferta-formativa\/?lang=es","name":"OFERTA FORMATIVA - Campus FPCAT-UPC de la Mobilitat Sostenible (Martorell)","isPartOf":{"@id":"https:\/\/cms.upc.edu\/blog\/#website"},"datePublished":"2023-10-29T23:32:24+00:00","dateModified":"2023-11-06T00:26:52+00:00","breadcrumb":{"@id":"https:\/\/cms.upc.edu\/blog\/oferta-formativa\/?lang=es#breadcrumb"},"inLanguage":"ca","potentialAction":[{"@type":"ReadAction","target":["https:\/\/cms.upc.edu\/blog\/oferta-formativa\/?lang=es"]}]},{"@type":"BreadcrumbList","@id":"https:\/\/cms.upc.edu\/blog\/oferta-formativa\/?lang=es#breadcrumb","itemListElement":[{"@type":"ListItem","position":1,"name":"Home","item":"https:\/\/cms.upc.edu\/blog\/"},{"@type":"ListItem","position":2,"name":"OFERTA FORMATIVA"}]},{"@type":"WebSite","@id":"https:\/\/cms.upc.edu\/blog\/#website","url":"https:\/\/cms.upc.edu\/blog\/","name":"Campus FPCAT-UPC de la Mobilitat Sostenible (Martorell)","description":"","publisher":{"@id":"https:\/\/cms.upc.edu\/blog\/#organization"},"potentialAction":[{"@type":"SearchAction","target":{"@type":"EntryPoint","urlTemplate":"https:\/\/cms.upc.edu\/blog\/?s={search_term_string}"},"query-input":"required name=search_term_string"}],"inLanguage":"ca"},{"@type":"Organization","@id":"https:\/\/cms.upc.edu\/blog\/#organization","name":"Campus FPCAT-UPC de la Mobilitat Sostenible (Martorell)","url":"https:\/\/cms.upc.edu\/blog\/","logo":{"@type":"ImageObject","inLanguage":"ca","@id":"https:\/\/cms.upc.edu\/blog\/#\/schema\/logo\/image\/","url":"https:\/\/cms.upc.edu\/blog\/wp-content\/uploads\/2023\/10\/cropped-Logo-complet-2-e1698626938696-3.png","contentUrl":"https:\/\/cms.upc.edu\/blog\/wp-content\/uploads\/2023\/10\/cropped-Logo-complet-2-e1698626938696-3.png","width":397,"height":70,"caption":"Campus FPCAT-UPC de la Mobilitat Sostenible (Martorell)"},"image":{"@id":"https:\/\/cms.upc.edu\/blog\/#\/schema\/logo\/image\/"}}]}},"_links":{"self":[{"href":"https:\/\/cms.upc.edu\/blog\/wp-json\/wp\/v2\/pages\/169"}],"collection":[{"href":"https:\/\/cms.upc.edu\/blog\/wp-json\/wp\/v2\/pages"}],"about":[{"href":"https:\/\/cms.upc.edu\/blog\/wp-json\/wp\/v2\/types\/page"}],"author":[{"embeddable":true,"href":"https:\/\/cms.upc.edu\/blog\/wp-json\/wp\/v2\/users\/1"}],"replies":[{"embeddable":true,"href":"https:\/\/cms.upc.edu\/blog\/wp-json\/wp\/v2\/comments?post=169"}],"version-history":[{"count":2,"href":"https:\/\/cms.upc.edu\/blog\/wp-json\/wp\/v2\/pages\/169\/revisions"}],"predecessor-version":[{"id":370,"href":"https:\/\/cms.upc.edu\/blog\/wp-json\/wp\/v2\/pages\/169\/revisions\/370"}],"wp:attachment":[{"href":"https:\/\/cms.upc.edu\/blog\/wp-json\/wp\/v2\/media?parent=169"}],"curies":[{"name":"wp","href":"https:\/\/api.w.org\/{rel}","templated":true}]}}