{"id":390,"date":"2023-12-09T13:15:39","date_gmt":"2023-12-09T12:15:39","guid":{"rendered":"https:\/\/cms.upc.edu\/blog\/?page_id=390"},"modified":"2023-12-09T13:15:39","modified_gmt":"2023-12-09T12:15:39","slug":"acontecimientos","status":"publish","type":"page","link":"https:\/\/cms.upc.edu\/blog\/acontecimientos\/?lang=es","title":{"rendered":"ACONTECIMIENTOS"},"content":{"rendered":"<p>El <strong>Campus FPCAT-UPC de la Mobilitat Sostenible (Martorell)<\/strong> posa a disposici\u00f3 d&#8217;empreses, entitats i altres institucions els seus espais i instal\u00b7lacions per organitzar-hi tallers i trobades d\u2019innovaci\u00f3, incubaci\u00f3 de noves empreses de base tecnol\u00f2gica en l\u2019\u00e0mbit de la mobilitat, actes acad\u00e8mics i cient\u00edfics, i altres activitats socials i culturals.<\/p>\n","protected":false},"excerpt":{"rendered":"<p>El Campus FPCAT-UPC de la Mobilitat Sostenible (Martorell) posa a disposici\u00f3 d&#8217;empreses, entitats i altres institucions els seus espais i instal\u00b7lacions per organitzar-hi tallers i trobades d\u2019innovaci\u00f3, incubaci\u00f3 de noves empreses de base tecnol\u00f2gica en l\u2019\u00e0mbit de la mobilitat, actes acad\u00e8mics i cient\u00edfics, i altres activitats socials i culturals.<\/p>\n","protected":false},"author":2,"featured_media":0,"parent":0,"menu_order":0,"comment_status":"closed","ping_status":"closed","template":"","meta":{"footnotes":""},"yoast_head":"<!-- This site is optimized with the Yoast SEO plugin v22.5 - https:\/\/yoast.com\/wordpress\/plugins\/seo\/ -->\n<title>ACONTECIMIENTOS - Campus FPCAT-UPC de la Mobilitat Sostenible (Martorell)<\/title>\n<meta name=\"robots\" content=\"index, follow, max-snippet:-1, max-image-preview:large, max-video-preview:-1\" \/>\n<link rel=\"canonical\" href=\"https:\/\/cms.upc.edu\/blog\/acontecimientos\/\" \/>\n<meta property=\"og:locale\" content=\"ca_ES\" \/>\n<meta property=\"og:type\" content=\"article\" \/>\n<meta property=\"og:title\" content=\"ACONTECIMIENTOS - Campus FPCAT-UPC de la Mobilitat Sostenible (Martorell)\" \/>\n<meta property=\"og:description\" content=\"El Campus FPCAT-UPC de la Mobilitat Sostenible (Martorell) posa a disposici\u00f3 d&#8217;empreses, entitats i altres institucions els seus espais i instal\u00b7lacions per organitzar-hi tallers i trobades d\u2019innovaci\u00f3, incubaci\u00f3 de noves empreses de base tecnol\u00f2gica en l\u2019\u00e0mbit de la mobilitat, actes acad\u00e8mics i cient\u00edfics, i altres activitats socials i culturals.\" \/>\n<meta property=\"og:url\" content=\"https:\/\/cms.upc.edu\/blog\/acontecimientos\/?lang=es\" \/>\n<meta property=\"og:site_name\" content=\"Campus FPCAT-UPC de la Mobilitat Sostenible (Martorell)\" \/>\n<meta name=\"twitter:card\" content=\"summary_large_image\" \/>\n<meta name=\"twitter:label1\" content=\"Est. reading time\" \/>\n\t<meta name=\"twitter:data1\" content=\"1 minut\" \/>\n<script type=\"application\/ld+json\" class=\"yoast-schema-graph\">{\"@context\":\"https:\/\/schema.org\",\"@graph\":[{\"@type\":\"WebPage\",\"@id\":\"https:\/\/cms.upc.edu\/blog\/acontecimientos\/?lang=es\",\"url\":\"https:\/\/cms.upc.edu\/blog\/acontecimientos\/?lang=es\",\"name\":\"ACONTECIMIENTOS - Campus FPCAT-UPC de la Mobilitat Sostenible (Martorell)\",\"isPartOf\":{\"@id\":\"https:\/\/cms.upc.edu\/blog\/#website\"},\"datePublished\":\"2023-12-09T12:15:39+00:00\",\"dateModified\":\"2023-12-09T12:15:39+00:00\",\"breadcrumb\":{\"@id\":\"https:\/\/cms.upc.edu\/blog\/acontecimientos\/?lang=es#breadcrumb\"},\"inLanguage\":\"ca\",\"potentialAction\":[{\"@type\":\"ReadAction\",\"target\":[\"https:\/\/cms.upc.edu\/blog\/acontecimientos\/?lang=es\"]}]},{\"@type\":\"BreadcrumbList\",\"@id\":\"https:\/\/cms.upc.edu\/blog\/acontecimientos\/?lang=es#breadcrumb\",\"itemListElement\":[{\"@type\":\"ListItem\",\"position\":1,\"name\":\"Home\",\"item\":\"https:\/\/cms.upc.edu\/blog\/\"},{\"@type\":\"ListItem\",\"position\":2,\"name\":\"ACONTECIMIENTOS\"}]},{\"@type\":\"WebSite\",\"@id\":\"https:\/\/cms.upc.edu\/blog\/#website\",\"url\":\"https:\/\/cms.upc.edu\/blog\/\",\"name\":\"Campus FPCAT-UPC de la Mobilitat Sostenible (Martorell)\",\"description\":\"\",\"publisher\":{\"@id\":\"https:\/\/cms.upc.edu\/blog\/#organization\"},\"potentialAction\":[{\"@type\":\"SearchAction\",\"target\":{\"@type\":\"EntryPoint\",\"urlTemplate\":\"https:\/\/cms.upc.edu\/blog\/?s={search_term_string}\"},\"query-input\":\"required name=search_term_string\"}],\"inLanguage\":\"ca\"},{\"@type\":\"Organization\",\"@id\":\"https:\/\/cms.upc.edu\/blog\/#organization\",\"name\":\"Campus FPCAT-UPC de la Mobilitat Sostenible (Martorell)\",\"url\":\"https:\/\/cms.upc.edu\/blog\/\",\"logo\":{\"@type\":\"ImageObject\",\"inLanguage\":\"ca\",\"@id\":\"https:\/\/cms.upc.edu\/blog\/#\/schema\/logo\/image\/\",\"url\":\"https:\/\/cms.upc.edu\/blog\/wp-content\/uploads\/2023\/10\/cropped-Logo-complet-2-e1698626938696-3.png\",\"contentUrl\":\"https:\/\/cms.upc.edu\/blog\/wp-content\/uploads\/2023\/10\/cropped-Logo-complet-2-e1698626938696-3.png\",\"width\":397,\"height\":70,\"caption\":\"Campus FPCAT-UPC de la Mobilitat Sostenible (Martorell)\"},\"image\":{\"@id\":\"https:\/\/cms.upc.edu\/blog\/#\/schema\/logo\/image\/\"}}]}<\/script>\n<!-- \/ Yoast SEO plugin. -->","yoast_head_json":{"title":"ACONTECIMIENTOS - Campus FPCAT-UPC de la Mobilitat Sostenible (Martorell)","robots":{"index":"index","follow":"follow","max-snippet":"max-snippet:-1","max-image-preview":"max-image-preview:large","max-video-preview":"max-video-preview:-1"},"canonical":"https:\/\/cms.upc.edu\/blog\/acontecimientos\/","og_locale":"ca_ES","og_type":"article","og_title":"ACONTECIMIENTOS - Campus FPCAT-UPC de la Mobilitat Sostenible (Martorell)","og_description":"El Campus FPCAT-UPC de la Mobilitat Sostenible (Martorell) posa a disposici\u00f3 d&#8217;empreses, entitats i altres institucions els seus espais i instal\u00b7lacions per organitzar-hi tallers i trobades d\u2019innovaci\u00f3, incubaci\u00f3 de noves empreses de base tecnol\u00f2gica en l\u2019\u00e0mbit de la mobilitat, actes acad\u00e8mics i cient\u00edfics, i altres activitats socials i culturals.","og_url":"https:\/\/cms.upc.edu\/blog\/acontecimientos\/?lang=es","og_site_name":"Campus FPCAT-UPC de la Mobilitat Sostenible (Martorell)","twitter_card":"summary_large_image","twitter_misc":{"Est. reading time":"1 minut"},"schema":{"@context":"https:\/\/schema.org","@graph":[{"@type":"WebPage","@id":"https:\/\/cms.upc.edu\/blog\/acontecimientos\/?lang=es","url":"https:\/\/cms.upc.edu\/blog\/acontecimientos\/?lang=es","name":"ACONTECIMIENTOS - Campus FPCAT-UPC de la Mobilitat Sostenible (Martorell)","isPartOf":{"@id":"https:\/\/cms.upc.edu\/blog\/#website"},"datePublished":"2023-12-09T12:15:39+00:00","dateModified":"2023-12-09T12:15:39+00:00","breadcrumb":{"@id":"https:\/\/cms.upc.edu\/blog\/acontecimientos\/?lang=es#breadcrumb"},"inLanguage":"ca","potentialAction":[{"@type":"ReadAction","target":["https:\/\/cms.upc.edu\/blog\/acontecimientos\/?lang=es"]}]},{"@type":"BreadcrumbList","@id":"https:\/\/cms.upc.edu\/blog\/acontecimientos\/?lang=es#breadcrumb","itemListElement":[{"@type":"ListItem","position":1,"name":"Home","item":"https:\/\/cms.upc.edu\/blog\/"},{"@type":"ListItem","position":2,"name":"ACONTECIMIENTOS"}]},{"@type":"WebSite","@id":"https:\/\/cms.upc.edu\/blog\/#website","url":"https:\/\/cms.upc.edu\/blog\/","name":"Campus FPCAT-UPC de la Mobilitat Sostenible (Martorell)","description":"","publisher":{"@id":"https:\/\/cms.upc.edu\/blog\/#organization"},"potentialAction":[{"@type":"SearchAction","target":{"@type":"EntryPoint","urlTemplate":"https:\/\/cms.upc.edu\/blog\/?s={search_term_string}"},"query-input":"required name=search_term_string"}],"inLanguage":"ca"},{"@type":"Organization","@id":"https:\/\/cms.upc.edu\/blog\/#organization","name":"Campus FPCAT-UPC de la Mobilitat Sostenible (Martorell)","url":"https:\/\/cms.upc.edu\/blog\/","logo":{"@type":"ImageObject","inLanguage":"ca","@id":"https:\/\/cms.upc.edu\/blog\/#\/schema\/logo\/image\/","url":"https:\/\/cms.upc.edu\/blog\/wp-content\/uploads\/2023\/10\/cropped-Logo-complet-2-e1698626938696-3.png","contentUrl":"https:\/\/cms.upc.edu\/blog\/wp-content\/uploads\/2023\/10\/cropped-Logo-complet-2-e1698626938696-3.png","width":397,"height":70,"caption":"Campus FPCAT-UPC de la Mobilitat Sostenible (Martorell)"},"image":{"@id":"https:\/\/cms.upc.edu\/blog\/#\/schema\/logo\/image\/"}}]}},"_links":{"self":[{"href":"https:\/\/cms.upc.edu\/blog\/wp-json\/wp\/v2\/pages\/390"}],"collection":[{"href":"https:\/\/cms.upc.edu\/blog\/wp-json\/wp\/v2\/pages"}],"about":[{"href":"https:\/\/cms.upc.edu\/blog\/wp-json\/wp\/v2\/types\/page"}],"author":[{"embeddable":true,"href":"https:\/\/cms.upc.edu\/blog\/wp-json\/wp\/v2\/users\/2"}],"replies":[{"embeddable":true,"href":"https:\/\/cms.upc.edu\/blog\/wp-json\/wp\/v2\/comments?post=390"}],"version-history":[{"count":3,"href":"https:\/\/cms.upc.edu\/blog\/wp-json\/wp\/v2\/pages\/390\/revisions"}],"predecessor-version":[{"id":397,"href":"https:\/\/cms.upc.edu\/blog\/wp-json\/wp\/v2\/pages\/390\/revisions\/397"}],"wp:attachment":[{"href":"https:\/\/cms.upc.edu\/blog\/wp-json\/wp\/v2\/media?parent=390"}],"curies":[{"name":"wp","href":"https:\/\/api.w.org\/{rel}","templated":true}]}}