{"id":41,"date":"2023-10-30T00:32:24","date_gmt":"2023-10-29T23:32:24","guid":{"rendered":"https:\/\/cms.upc.edu\/blog?page_id=41"},"modified":"2023-11-06T01:26:27","modified_gmt":"2023-11-06T00:26:27","slug":"oferta-formativa","status":"publish","type":"page","link":"https:\/\/cms.upc.edu\/blog\/oferta-formativa\/","title":{"rendered":"OFERTA FORMATIVA"},"content":{"rendered":"<p>El Campus FPCAT-UPC de la Mobilitat Sostenible (Martorell) \u00e9s un node de formaci\u00f3, innovaci\u00f3 i creaci\u00f3 al voltant de la mobilitat m\u00e9s avan\u00e7ada. Concebut com un espai de coneixement connectat amb la UPC, configura un ecosistema singular en el qual la inserci\u00f3 laboral i la qualificaci\u00f3 professional de les persones s\u00f3n els eixos centrals.<\/p>\n<p>El Campus \u00e9s un espai de formaci\u00f3 i innovaci\u00f3 per a la transformaci\u00f3 de la ind\u00fastria de la mobilitat, especialment en \u00e0rees emergents com el vehicle aut\u00f2nom i el\u00e8ctric, i la innovaci\u00f3 en l&#8217;\u00e0mbit de la mobilitat. L&#8217;actual oferta formativa del Campus inclou cursos de\u00a0<b>formaci\u00f3 professional per a l&#8217;ocupaci\u00f3<\/b>\u00a0i programes de\u00a0<b>formaci\u00f3 continuada<\/b>\u00a0(m\u00e0sters i postgraus) per a professionals i empreses del sector de l&#8217;automoci\u00f3 i la mobilitat. Els programes de formaci\u00f3 professional inicial s&#8217;impartiran a partir del curs 2024-2025.<\/p>\n<p>Els eixos formatius del Campus s&#8217;estructuren en els seg\u00fcents \u00e0mbits de coneixement: fabricaci\u00f3 i materials; gesti\u00f3 industrial; mec\u00e0nica de l&#8217;autom\u00f2bil; sostenibilitat i descarbonitzaci\u00f3; vehicle el\u00e8ctric; vehicle aut\u00f2nom i connectat; i innovaci\u00f3 en mobilitat.<\/p>\n<p>La Universitat Polit\u00e8cnica de Catalunya (UPC) \u00e9s l&#8217;entitat responsable de la gesti\u00f3 i explotaci\u00f3 del Campus, que el 2022 li ha estat adjudicada per la Generalitat de Catalunya per a 15 anys, prorrogable durant 10 anys m\u00e9s.<\/p>\n<p>La UPC impulsa el nou Campus FPCAT-UPC de la Mobilitat Sostenible (Martorell) amb la complicitat de la Generalitat de Catalunya, el Servei d&#8217;Ocupaci\u00f3 de Catalunya, el Consorci per a la Formaci\u00f3 Cont\u00ednua de Catalunya i l&#8217;Ajuntament de Martorell.<\/p>\n","protected":false},"excerpt":{"rendered":"<p>El Campus FPCAT-UPC de la Mobilitat Sostenible (Martorell) \u00e9s un node de formaci\u00f3, innovaci\u00f3 i creaci\u00f3 al voltant de la mobilitat m\u00e9s avan\u00e7ada. Concebut com un espai de coneixement connectat amb la UPC, configura un ecosistema singular en el qual la inserci\u00f3 laboral i la qualificaci\u00f3 professional de les persones s\u00f3n els eixos centrals. El [&hellip;]<\/p>\n","protected":false},"author":2,"featured_media":0,"parent":0,"menu_order":0,"comment_status":"closed","ping_status":"closed","template":"","meta":{"footnotes":""},"yoast_head":"<!-- This site is optimized with the Yoast SEO plugin v22.5 - https:\/\/yoast.com\/wordpress\/plugins\/seo\/ -->\n<title>OFERTA FORMATIVA - Campus FPCAT-UPC de la Mobilitat Sostenible (Martorell)<\/title>\n<meta name=\"robots\" content=\"index, follow, max-snippet:-1, max-image-preview:large, max-video-preview:-1\" \/>\n<link rel=\"canonical\" href=\"https:\/\/cms.upc.edu\/blog\/oferta-formativa\/\" \/>\n<meta property=\"og:locale\" content=\"ca_ES\" \/>\n<meta property=\"og:type\" content=\"article\" \/>\n<meta property=\"og:title\" content=\"OFERTA FORMATIVA - Campus FPCAT-UPC de la Mobilitat Sostenible (Martorell)\" \/>\n<meta property=\"og:description\" content=\"El Campus FPCAT-UPC de la Mobilitat Sostenible (Martorell) \u00e9s un node de formaci\u00f3, innovaci\u00f3 i creaci\u00f3 al voltant de la mobilitat m\u00e9s avan\u00e7ada. Concebut com un espai de coneixement connectat amb la UPC, configura un ecosistema singular en el qual la inserci\u00f3 laboral i la qualificaci\u00f3 professional de les persones s\u00f3n els eixos centrals. El [&hellip;]\" \/>\n<meta property=\"og:url\" content=\"https:\/\/cms.upc.edu\/blog\/oferta-formativa\/\" \/>\n<meta property=\"og:site_name\" content=\"Campus FPCAT-UPC de la Mobilitat Sostenible (Martorell)\" \/>\n<meta property=\"article:modified_time\" content=\"2023-11-06T00:26:27+00:00\" \/>\n<meta name=\"twitter:card\" content=\"summary_large_image\" \/>\n<meta name=\"twitter:label1\" content=\"Est. reading time\" \/>\n\t<meta name=\"twitter:data1\" content=\"2 minuts\" \/>\n<script type=\"application\/ld+json\" class=\"yoast-schema-graph\">{\"@context\":\"https:\/\/schema.org\",\"@graph\":[{\"@type\":\"WebPage\",\"@id\":\"https:\/\/cms.upc.edu\/blog\/oferta-formativa\/\",\"url\":\"https:\/\/cms.upc.edu\/blog\/oferta-formativa\/\",\"name\":\"OFERTA FORMATIVA - Campus FPCAT-UPC de la Mobilitat Sostenible (Martorell)\",\"isPartOf\":{\"@id\":\"https:\/\/cms.upc.edu\/blog\/#website\"},\"datePublished\":\"2023-10-29T23:32:24+00:00\",\"dateModified\":\"2023-11-06T00:26:27+00:00\",\"breadcrumb\":{\"@id\":\"https:\/\/cms.upc.edu\/blog\/oferta-formativa\/#breadcrumb\"},\"inLanguage\":\"ca\",\"potentialAction\":[{\"@type\":\"ReadAction\",\"target\":[\"https:\/\/cms.upc.edu\/blog\/oferta-formativa\/\"]}]},{\"@type\":\"BreadcrumbList\",\"@id\":\"https:\/\/cms.upc.edu\/blog\/oferta-formativa\/#breadcrumb\",\"itemListElement\":[{\"@type\":\"ListItem\",\"position\":1,\"name\":\"Home\",\"item\":\"https:\/\/cms.upc.edu\/blog\/\"},{\"@type\":\"ListItem\",\"position\":2,\"name\":\"OFERTA FORMATIVA\"}]},{\"@type\":\"WebSite\",\"@id\":\"https:\/\/cms.upc.edu\/blog\/#website\",\"url\":\"https:\/\/cms.upc.edu\/blog\/\",\"name\":\"Campus FPCAT-UPC de la Mobilitat Sostenible (Martorell)\",\"description\":\"\",\"publisher\":{\"@id\":\"https:\/\/cms.upc.edu\/blog\/#organization\"},\"potentialAction\":[{\"@type\":\"SearchAction\",\"target\":{\"@type\":\"EntryPoint\",\"urlTemplate\":\"https:\/\/cms.upc.edu\/blog\/?s={search_term_string}\"},\"query-input\":\"required name=search_term_string\"}],\"inLanguage\":\"ca\"},{\"@type\":\"Organization\",\"@id\":\"https:\/\/cms.upc.edu\/blog\/#organization\",\"name\":\"Campus FPCAT-UPC de la Mobilitat Sostenible (Martorell)\",\"url\":\"https:\/\/cms.upc.edu\/blog\/\",\"logo\":{\"@type\":\"ImageObject\",\"inLanguage\":\"ca\",\"@id\":\"https:\/\/cms.upc.edu\/blog\/#\/schema\/logo\/image\/\",\"url\":\"https:\/\/cms.upc.edu\/blog\/wp-content\/uploads\/2023\/10\/cropped-Logo-complet-2-e1698626938696-3.png\",\"contentUrl\":\"https:\/\/cms.upc.edu\/blog\/wp-content\/uploads\/2023\/10\/cropped-Logo-complet-2-e1698626938696-3.png\",\"width\":397,\"height\":70,\"caption\":\"Campus FPCAT-UPC de la Mobilitat Sostenible (Martorell)\"},\"image\":{\"@id\":\"https:\/\/cms.upc.edu\/blog\/#\/schema\/logo\/image\/\"}}]}<\/script>\n<!-- \/ Yoast SEO plugin. -->","yoast_head_json":{"title":"OFERTA FORMATIVA - Campus FPCAT-UPC de la Mobilitat Sostenible (Martorell)","robots":{"index":"index","follow":"follow","max-snippet":"max-snippet:-1","max-image-preview":"max-image-preview:large","max-video-preview":"max-video-preview:-1"},"canonical":"https:\/\/cms.upc.edu\/blog\/oferta-formativa\/","og_locale":"ca_ES","og_type":"article","og_title":"OFERTA FORMATIVA - Campus FPCAT-UPC de la Mobilitat Sostenible (Martorell)","og_description":"El Campus FPCAT-UPC de la Mobilitat Sostenible (Martorell) \u00e9s un node de formaci\u00f3, innovaci\u00f3 i creaci\u00f3 al voltant de la mobilitat m\u00e9s avan\u00e7ada. Concebut com un espai de coneixement connectat amb la UPC, configura un ecosistema singular en el qual la inserci\u00f3 laboral i la qualificaci\u00f3 professional de les persones s\u00f3n els eixos centrals. El [&hellip;]","og_url":"https:\/\/cms.upc.edu\/blog\/oferta-formativa\/","og_site_name":"Campus FPCAT-UPC de la Mobilitat Sostenible (Martorell)","article_modified_time":"2023-11-06T00:26:27+00:00","twitter_card":"summary_large_image","twitter_misc":{"Est. reading time":"2 minuts"},"schema":{"@context":"https:\/\/schema.org","@graph":[{"@type":"WebPage","@id":"https:\/\/cms.upc.edu\/blog\/oferta-formativa\/","url":"https:\/\/cms.upc.edu\/blog\/oferta-formativa\/","name":"OFERTA FORMATIVA - Campus FPCAT-UPC de la Mobilitat Sostenible (Martorell)","isPartOf":{"@id":"https:\/\/cms.upc.edu\/blog\/#website"},"datePublished":"2023-10-29T23:32:24+00:00","dateModified":"2023-11-06T00:26:27+00:00","breadcrumb":{"@id":"https:\/\/cms.upc.edu\/blog\/oferta-formativa\/#breadcrumb"},"inLanguage":"ca","potentialAction":[{"@type":"ReadAction","target":["https:\/\/cms.upc.edu\/blog\/oferta-formativa\/"]}]},{"@type":"BreadcrumbList","@id":"https:\/\/cms.upc.edu\/blog\/oferta-formativa\/#breadcrumb","itemListElement":[{"@type":"ListItem","position":1,"name":"Home","item":"https:\/\/cms.upc.edu\/blog\/"},{"@type":"ListItem","position":2,"name":"OFERTA FORMATIVA"}]},{"@type":"WebSite","@id":"https:\/\/cms.upc.edu\/blog\/#website","url":"https:\/\/cms.upc.edu\/blog\/","name":"Campus FPCAT-UPC de la Mobilitat Sostenible (Martorell)","description":"","publisher":{"@id":"https:\/\/cms.upc.edu\/blog\/#organization"},"potentialAction":[{"@type":"SearchAction","target":{"@type":"EntryPoint","urlTemplate":"https:\/\/cms.upc.edu\/blog\/?s={search_term_string}"},"query-input":"required name=search_term_string"}],"inLanguage":"ca"},{"@type":"Organization","@id":"https:\/\/cms.upc.edu\/blog\/#organization","name":"Campus FPCAT-UPC de la Mobilitat Sostenible (Martorell)","url":"https:\/\/cms.upc.edu\/blog\/","logo":{"@type":"ImageObject","inLanguage":"ca","@id":"https:\/\/cms.upc.edu\/blog\/#\/schema\/logo\/image\/","url":"https:\/\/cms.upc.edu\/blog\/wp-content\/uploads\/2023\/10\/cropped-Logo-complet-2-e1698626938696-3.png","contentUrl":"https:\/\/cms.upc.edu\/blog\/wp-content\/uploads\/2023\/10\/cropped-Logo-complet-2-e1698626938696-3.png","width":397,"height":70,"caption":"Campus FPCAT-UPC de la Mobilitat Sostenible (Martorell)"},"image":{"@id":"https:\/\/cms.upc.edu\/blog\/#\/schema\/logo\/image\/"}}]}},"_links":{"self":[{"href":"https:\/\/cms.upc.edu\/blog\/wp-json\/wp\/v2\/pages\/41"}],"collection":[{"href":"https:\/\/cms.upc.edu\/blog\/wp-json\/wp\/v2\/pages"}],"about":[{"href":"https:\/\/cms.upc.edu\/blog\/wp-json\/wp\/v2\/types\/page"}],"author":[{"embeddable":true,"href":"https:\/\/cms.upc.edu\/blog\/wp-json\/wp\/v2\/users\/2"}],"replies":[{"embeddable":true,"href":"https:\/\/cms.upc.edu\/blog\/wp-json\/wp\/v2\/comments?post=41"}],"version-history":[{"count":4,"href":"https:\/\/cms.upc.edu\/blog\/wp-json\/wp\/v2\/pages\/41\/revisions"}],"predecessor-version":[{"id":369,"href":"https:\/\/cms.upc.edu\/blog\/wp-json\/wp\/v2\/pages\/41\/revisions\/369"}],"wp:attachment":[{"href":"https:\/\/cms.upc.edu\/blog\/wp-json\/wp\/v2\/media?parent=41"}],"curies":[{"name":"wp","href":"https:\/\/api.w.org\/{rel}","templated":true}]}}